{"id":151,"date":"2021-11-09T21:57:24","date_gmt":"2021-11-09T20:57:24","guid":{"rendered":"http:\/\/evolvestrongerfit.com\/?page_id=151"},"modified":"2021-11-09T21:57:26","modified_gmt":"2021-11-09T20:57:26","slug":"nous-soutenir","status":"publish","type":"page","link":"https:\/\/evolvestrongerfit.com\/index.php\/nous-soutenir\/","title":{"rendered":"Nous soutenir"},"content":{"rendered":"\n<p><em>Merci pour votre visite.<\/em><\/p>\n\n\n\n<p><em>Aidez-nous \u00e0 faire conna\u00eetre ce site Internet en le partageant \u00e0 vos amis sur les r\u00e9seaux sociaux.<\/em><\/p>\n\n\n\n<p><em>Utilisez les boutons pr\u00e9sents sur cette page pour le partager sur votre r\u00e9seau social favori.<\/em><\/p>\n\n\n\n<figure class=\"wp-block-image size-full\"><img loading=\"lazy\" width=\"300\" height=\"147\" src=\"https:\/\/i1.wp.com\/evolvestrongerfit.com\/wp-content\/uploads\/2021\/11\/Merci.png?resize=300%2C147\" alt=\"\" class=\"wp-image-152\" data-recalc-dims=\"1\"\/><\/figure>\n\n\n\n<figure class=\"wp-block-embed is-type-video is-provider-youtube wp-block-embed-youtube wp-embed-aspect-16-9 wp-has-aspect-ratio\"><div class=\"wp-block-embed__wrapper\">\n<p class=\"responsive-video-wrap clr\"><iframe loading=\"lazy\" title=\"L&#039;Ecole Fran\u00e7aise \u00e0 la T\u00e9l\u00e9vision\" width=\"1200\" height=\"675\" src=\"https:\/\/www.youtube.com\/embed\/4GsmgHXZEy4?feature=oembed\" frameborder=\"0\" allow=\"accelerometer; autoplay; clipboard-write; encrypted-media; gyroscope; picture-in-picture\" allowfullscreen><\/iframe><\/p>\n<\/div><\/figure>\n","protected":false},"excerpt":{"rendered":"<p>Merci pour votre visite. Aidez-nous \u00e0 faire conna\u00eetre ce site Internet en le partageant \u00e0 vos amis sur les r\u00e9seaux sociaux. Utilisez les boutons pr\u00e9sents sur cette page pour le partager sur votre r\u00e9seau social favori.<\/p>\n","protected":false},"author":1,"featured_media":0,"parent":0,"menu_order":0,"comment_status":"closed","ping_status":"closed","template":"","meta":{"spay_email":""},"_links":{"self":[{"href":"https:\/\/evolvestrongerfit.com\/index.php\/wp-json\/wp\/v2\/pages\/151"}],"collection":[{"href":"https:\/\/evolvestrongerfit.com\/index.php\/wp-json\/wp\/v2\/pages"}],"about":[{"href":"https:\/\/evolvestrongerfit.com\/index.php\/wp-json\/wp\/v2\/types\/page"}],"author":[{"embeddable":true,"href":"https:\/\/evolvestrongerfit.com\/index.php\/wp-json\/wp\/v2\/users\/1"}],"replies":[{"embeddable":true,"href":"https:\/\/evolvestrongerfit.com\/index.php\/wp-json\/wp\/v2\/comments?post=151"}],"version-history":[{"count":1,"href":"https:\/\/evolvestrongerfit.com\/index.php\/wp-json\/wp\/v2\/pages\/151\/revisions"}],"predecessor-version":[{"id":153,"href":"https:\/\/evolvestrongerfit.com\/index.php\/wp-json\/wp\/v2\/pages\/151\/revisions\/153"}],"wp:attachment":[{"href":"https:\/\/evolvestrongerfit.com\/index.php\/wp-json\/wp\/v2\/media?parent=151"}],"curies":[{"name":"wp","href":"https:\/\/api.w.org\/{rel}","templated":true}]}}